{"id":157,"date":"2024-08-08T19:40:19","date_gmt":"2024-08-08T22:40:19","guid":{"rendered":"https:\/\/cecor.eba.ufmg.br\/hub-brasil-iic\/?page_id=157"},"modified":"2024-08-08T19:40:19","modified_gmt":"2024-08-08T22:40:19","slug":"polo-instituto-federal-de-minas-gerais-campus-ouro-preto-ifmg","status":"publish","type":"page","link":"https:\/\/cecor.eba.ufmg.br\/hub-brasil-iic\/polo-instituto-federal-de-minas-gerais-campus-ouro-preto-ifmg\/","title":{"rendered":"Polo: Instituto Federal de Minas Gerais &#8211; Campus Ouro Preto (IFMG)"},"content":{"rendered":"\n<div class=\"wp-block-group alignfull has-global-padding is-layout-constrained wp-container-core-group-is-layout-490fa1db wp-block-group-is-layout-constrained\" style=\"padding-top:var(--wp--preset--spacing--50);padding-right:var(--wp--preset--spacing--50);padding-bottom:var(--wp--preset--spacing--50);padding-left:var(--wp--preset--spacing--50)\">\n<div class=\"wp-block-group has-global-padding is-layout-constrained wp-container-core-group-is-layout-650790e1 wp-block-group-is-layout-constrained\">\n<h1 class=\"wp-block-heading has-text-align-center has-x-large-font-size\"><\/h1>\n\n\n\n<div style=\"height:1.25rem\" aria-hidden=\"true\" class=\"wp-block-spacer\"><\/div>\n\n\n\n<p class=\"has-text-align-center\"><strong>Local do Polo IFMG: <\/strong>Audit\u00f3rio da Biblioteca Tarqu\u00ednio Jos\u00e9 Barboza &#8211; IFMG Campus Ouro Preto &#8211; Rua Pandi\u00e1 Cal\u00f3geras, 898 &#8211; Morro do Cruzeiro, Ouro Preto &#8211; MG.<\/p>\n\n\n\n<p class=\"has-text-align-center\"><strong>N\u00famero total de vagas para participa\u00e7\u00e3o:<\/strong> 60<\/p>\n\n\n\n<p class=\"has-text-align-center\"><\/p>\n\n\n\n<div style=\"height:1.25rem\" aria-hidden=\"true\" class=\"wp-block-spacer\"><\/div>\n<\/div>\n<\/div>\n\n\n\n<div class=\"wp-block-group alignfull has-base-2-background-color has-background has-global-padding is-layout-constrained wp-container-core-group-is-layout-669513ed wp-block-group-is-layout-constrained\" style=\"margin-top:0;margin-bottom:0;padding-top:var(--wp--preset--spacing--50);padding-right:var(--wp--preset--spacing--50);padding-bottom:var(--wp--preset--spacing--50);padding-left:var(--wp--preset--spacing--50)\">\n<div class=\"wp-block-group is-vertical is-content-justification-center is-layout-flex wp-container-core-group-is-layout-52b864f0 wp-block-group-is-layout-flex\">\n<h2 class=\"wp-block-heading has-text-align-center is-style-asterisk\"><\/h2>\n\n\n\n<div style=\"height:0px\" aria-hidden=\"true\" class=\"wp-block-spacer wp-container-content-4f2ccadb\"><\/div>\n\n\n\n<p class=\"has-text-align-center\"><strong>Organiza\u00e7\u00e3o do Polo IFMG &#8211; Ouro Preto<\/strong><\/p>\n<\/div>\n\n\n\n<div style=\"margin-top:0;margin-bottom:0;height:var(--wp--preset--spacing--40)\" aria-hidden=\"true\" class=\"wp-block-spacer\"><\/div>\n\n\n\n<div class=\"wp-block-columns alignwide is-layout-flex wp-container-core-columns-is-layout-d0bbbce0 wp-block-columns-is-layout-flex\">\n<div class=\"wp-block-column is-layout-flow wp-container-core-column-is-layout-e3d1c41b wp-block-column-is-layout-flow\">\n<h3 class=\"wp-block-heading has-text-align-left is-style-asterisk has-body-font-family has-medium-font-size\" style=\"font-style:normal;font-weight:600\"><strong>Coordena\u00e7\u00e3o local da comiss\u00e3o organizadora e do polo:&nbsp;<\/strong><\/h3>\n\n\n\n<p>Professora Paola de Macedo Gomes Dias Villas B\u00f4as (IFMG)<\/p>\n\n\n\n<p>Professor R\u00e9gis Eduardo Martins (IFMG)<\/p>\n\n\n\n<p>Barbara Helena Almeida Carmo (IFMG)<\/p>\n\n\n\n<p>Ana Paula Mendes (FAOP)<\/p>\n\n\n\n<p class=\"has-text-align-left\">Cybele Nascimento Silva (FAOP)<\/p>\n<\/div>\n<\/div>\n\n\n\n<div style=\"height:var(--wp--preset--spacing--20)\" aria-hidden=\"true\" class=\"wp-block-spacer\"><\/div>\n<\/div>\n","protected":false},"excerpt":{"rendered":"<p>Local do Polo IFMG: Audit\u00f3rio da Biblioteca Tarqu\u00ednio Jos\u00e9 Barboza &#8211; IFMG Campus Ouro Preto &#8211; Rua Pandi\u00e1 Cal\u00f3geras, 898 &#8211; Morro do Cruzeiro, Ouro Preto &#8211; MG. N\u00famero total de vagas para participa\u00e7\u00e3o: 60 Organiza\u00e7\u00e3o do Polo IFMG &#8211; Ouro Preto Coordena\u00e7\u00e3o local da comiss\u00e3o organizadora e do polo:&nbsp; Professora Paola de Macedo Gomes [&hellip;]<\/p>\n","protected":false},"author":1,"featured_media":0,"parent":0,"menu_order":0,"comment_status":"closed","ping_status":"closed","template":"","meta":{"footnotes":""},"class_list":["post-157","page","type-page","status-publish","hentry"],"jetpack_sharing_enabled":true,"_links":{"self":[{"href":"https:\/\/cecor.eba.ufmg.br\/hub-brasil-iic\/wp-json\/wp\/v2\/pages\/157","targetHints":{"allow":["GET"]}}],"collection":[{"href":"https:\/\/cecor.eba.ufmg.br\/hub-brasil-iic\/wp-json\/wp\/v2\/pages"}],"about":[{"href":"https:\/\/cecor.eba.ufmg.br\/hub-brasil-iic\/wp-json\/wp\/v2\/types\/page"}],"author":[{"embeddable":true,"href":"https:\/\/cecor.eba.ufmg.br\/hub-brasil-iic\/wp-json\/wp\/v2\/users\/1"}],"replies":[{"embeddable":true,"href":"https:\/\/cecor.eba.ufmg.br\/hub-brasil-iic\/wp-json\/wp\/v2\/comments?post=157"}],"version-history":[{"count":1,"href":"https:\/\/cecor.eba.ufmg.br\/hub-brasil-iic\/wp-json\/wp\/v2\/pages\/157\/revisions"}],"predecessor-version":[{"id":158,"href":"https:\/\/cecor.eba.ufmg.br\/hub-brasil-iic\/wp-json\/wp\/v2\/pages\/157\/revisions\/158"}],"wp:attachment":[{"href":"https:\/\/cecor.eba.ufmg.br\/hub-brasil-iic\/wp-json\/wp\/v2\/media?parent=157"}],"curies":[{"name":"wp","href":"https:\/\/api.w.org\/{rel}","templated":true}]}}