{"id":161,"date":"2024-08-08T19:47:42","date_gmt":"2024-08-08T22:47:42","guid":{"rendered":"https:\/\/cecor.eba.ufmg.br\/hub-brasil-iic\/?page_id=161"},"modified":"2024-08-08T19:47:42","modified_gmt":"2024-08-08T22:47:42","slug":"polo-universidade-federal-do-para-ufpa","status":"publish","type":"page","link":"https:\/\/cecor.eba.ufmg.br\/hub-brasil-iic\/polo-universidade-federal-do-para-ufpa\/","title":{"rendered":"Polo: Universidade Federal do Par\u00e1 (UFPA)"},"content":{"rendered":"\n<div class=\"wp-block-group alignfull has-global-padding is-layout-constrained wp-container-core-group-is-layout-490fa1db wp-block-group-is-layout-constrained\" style=\"padding-top:var(--wp--preset--spacing--50);padding-right:var(--wp--preset--spacing--50);padding-bottom:var(--wp--preset--spacing--50);padding-left:var(--wp--preset--spacing--50)\">\n<div class=\"wp-block-group has-global-padding is-layout-constrained wp-container-core-group-is-layout-650790e1 wp-block-group-is-layout-constrained\">\n<div style=\"height:1.25rem\" aria-hidden=\"true\" class=\"wp-block-spacer\"><\/div>\n\n\n\n<p class=\"has-text-align-center\"><strong>Local do Polo UFPA: <\/strong>Merced\u00e1rios\/UFPA &#8211; Blvd. Castilhos Fran\u00e7a, s\/n &#8211; Campina, Bel\u00e9m &#8211; PA.<\/p>\n\n\n\n<p class=\"has-text-align-center\"><strong>N\u00famero total de vagas para participa\u00e7\u00e3o:<\/strong> 70<\/p>\n\n\n\n<p class=\"has-text-align-center\"><\/p>\n\n\n\n<div style=\"height:1.25rem\" aria-hidden=\"true\" class=\"wp-block-spacer\"><\/div>\n<\/div>\n\n\n\n<div style=\"height:var(--wp--preset--spacing--30)\" aria-hidden=\"true\" class=\"wp-block-spacer\"><\/div>\n<\/div>\n\n\n\n<div class=\"wp-block-group alignfull has-base-2-background-color has-background has-global-padding is-layout-constrained wp-container-core-group-is-layout-669513ed wp-block-group-is-layout-constrained\" style=\"margin-top:0;margin-bottom:0;padding-top:var(--wp--preset--spacing--50);padding-right:var(--wp--preset--spacing--50);padding-bottom:var(--wp--preset--spacing--50);padding-left:var(--wp--preset--spacing--50)\">\n<div class=\"wp-block-group is-vertical is-content-justification-center is-layout-flex wp-container-core-group-is-layout-52b864f0 wp-block-group-is-layout-flex\">\n<div style=\"height:0px\" aria-hidden=\"true\" class=\"wp-block-spacer wp-container-content-4f2ccadb\"><\/div>\n\n\n\n<p class=\"has-text-align-center\"><strong>Organiza\u00e7\u00e3o do Polo UFPA &#8211; Bel\u00e9m<\/strong><\/p>\n<\/div>\n\n\n\n<div style=\"margin-top:0;margin-bottom:0;height:var(--wp--preset--spacing--40)\" aria-hidden=\"true\" class=\"wp-block-spacer\"><\/div>\n\n\n\n<div class=\"wp-block-columns alignwide is-layout-flex wp-container-core-columns-is-layout-d0bbbce0 wp-block-columns-is-layout-flex\">\n<div class=\"wp-block-column is-layout-flow wp-container-core-column-is-layout-e3d1c41b wp-block-column-is-layout-flow\">\n<h3 class=\"wp-block-heading has-text-align-left is-style-asterisk has-body-font-family has-medium-font-size\" style=\"font-style:normal;font-weight:600\"><strong>Coordena\u00e7\u00e3o local da comiss\u00e3o organizadora e do polo:&nbsp;<\/strong><\/h3>\n\n\n\n<p>Professora Fl\u00e1via Oleg\u00e1rio Pal\u00e1cios (UFPA)<\/p>\n\n\n\n<p>Professor Alexandre M\u00e1ximo Silva Loureiro (UFPA)<\/p>\n\n\n\n<p>Professora Amanda Monteiro Corr\u00eaa Pinto Loureiro (UFPA)&nbsp;<\/p>\n\n\n\n<p class=\"has-text-align-left\">Mayra Martins Silva (UFPA)<\/p>\n<\/div>\n<\/div>\n<\/div>\n","protected":false},"excerpt":{"rendered":"<p>Local do Polo UFPA: Merced\u00e1rios\/UFPA &#8211; Blvd. Castilhos Fran\u00e7a, s\/n &#8211; Campina, Bel\u00e9m &#8211; PA. N\u00famero total de vagas para participa\u00e7\u00e3o: 70 Organiza\u00e7\u00e3o do Polo UFPA &#8211; Bel\u00e9m Coordena\u00e7\u00e3o local da comiss\u00e3o organizadora e do polo:&nbsp; Professora Fl\u00e1via Oleg\u00e1rio Pal\u00e1cios (UFPA) Professor Alexandre M\u00e1ximo Silva Loureiro (UFPA) Professora Amanda Monteiro Corr\u00eaa Pinto Loureiro (UFPA)&nbsp; Mayra [&hellip;]<\/p>\n","protected":false},"author":1,"featured_media":0,"parent":0,"menu_order":0,"comment_status":"closed","ping_status":"closed","template":"","meta":{"footnotes":""},"class_list":["post-161","page","type-page","status-publish","hentry"],"jetpack_sharing_enabled":true,"_links":{"self":[{"href":"https:\/\/cecor.eba.ufmg.br\/hub-brasil-iic\/wp-json\/wp\/v2\/pages\/161","targetHints":{"allow":["GET"]}}],"collection":[{"href":"https:\/\/cecor.eba.ufmg.br\/hub-brasil-iic\/wp-json\/wp\/v2\/pages"}],"about":[{"href":"https:\/\/cecor.eba.ufmg.br\/hub-brasil-iic\/wp-json\/wp\/v2\/types\/page"}],"author":[{"embeddable":true,"href":"https:\/\/cecor.eba.ufmg.br\/hub-brasil-iic\/wp-json\/wp\/v2\/users\/1"}],"replies":[{"embeddable":true,"href":"https:\/\/cecor.eba.ufmg.br\/hub-brasil-iic\/wp-json\/wp\/v2\/comments?post=161"}],"version-history":[{"count":1,"href":"https:\/\/cecor.eba.ufmg.br\/hub-brasil-iic\/wp-json\/wp\/v2\/pages\/161\/revisions"}],"predecessor-version":[{"id":162,"href":"https:\/\/cecor.eba.ufmg.br\/hub-brasil-iic\/wp-json\/wp\/v2\/pages\/161\/revisions\/162"}],"wp:attachment":[{"href":"https:\/\/cecor.eba.ufmg.br\/hub-brasil-iic\/wp-json\/wp\/v2\/media?parent=161"}],"curies":[{"name":"wp","href":"https:\/\/api.w.org\/{rel}","templated":true}]}}