{"id":256,"date":"2024-09-20T13:50:16","date_gmt":"2024-09-20T16:50:16","guid":{"rendered":"https:\/\/cecor.eba.ufmg.br\/hub-brasil-iic\/?page_id=256"},"modified":"2024-10-27T14:45:48","modified_gmt":"2024-10-27T17:45:48","slug":"caderno-de-resumos","status":"publish","type":"page","link":"https:\/\/cecor.eba.ufmg.br\/hub-brasil-iic\/caderno-de-resumos\/","title":{"rendered":"Caderno de Resumos"},"content":{"rendered":"\n<p>Os resumos submetidos e aprovados para o Congresso IIC 2024 agora est\u00e3o dispon\u00edveis em nosso <strong>Caderno de Resumos<\/strong>.<\/p>\n\n\n\n<p>Cada trabalho foi selecionado para promover o di\u00e1logo entre a comunidade cient\u00edfica e pr\u00e1ticas de preserva\u00e7\u00e3o, apresentando contribui\u00e7\u00f5es significativas para a \u00e1rea. Os resumos oferecem insights valiosos, que v\u00e3o desde estudos de caso pr\u00e1ticos at\u00e9 propostas te\u00f3ricas, sempre com foco no desenvolvimento de estrat\u00e9gias para a conserva\u00e7\u00e3o do patrim\u00f4nio cultural.<\/p>\n\n\n\n<p>Para fazer o download, click no link abaixo<\/p>\n\n\n\n<div data-wp-interactive=\"core\/file\" class=\"wp-block-file\"><object data-wp-bind--hidden=\"!state.hasPdfPreview\" hidden class=\"wp-block-file__embed\" data=\"https:\/\/cecor.eba.ufmg.br\/hub-brasil-iic\/wp-content\/uploads\/2024\/10\/Caderno-de-resumos-digital-Hub-Brasil-IIC-2024.pdf\" type=\"application\/pdf\" style=\"width:100%;height:600px\" aria-label=\"Incorporado de Caderno de resumos digital - Hub Brasil IIC 2024.\"><\/object><a id=\"wp-block-file--media-f6417822-ed2e-46e8-9338-f9c31beec574\" href=\"https:\/\/cecor.eba.ufmg.br\/hub-brasil-iic\/wp-content\/uploads\/2024\/10\/Caderno-de-resumos-digital-Hub-Brasil-IIC-2024.pdf\">Caderno de resumos digital &#8211; Hub Brasil IIC 2024<\/a><a href=\"https:\/\/cecor.eba.ufmg.br\/hub-brasil-iic\/wp-content\/uploads\/2024\/10\/Caderno-de-resumos-digital-Hub-Brasil-IIC-2024.pdf\" class=\"wp-block-file__button wp-element-button\" download aria-describedby=\"wp-block-file--media-f6417822-ed2e-46e8-9338-f9c31beec574\">Baixar<\/a><\/div>\n\n\n\n<p><\/p>\n","protected":false},"excerpt":{"rendered":"<p>Os resumos submetidos e aprovados para o Congresso IIC 2024 agora est\u00e3o dispon\u00edveis em nosso Caderno de Resumos. Cada trabalho foi selecionado para promover o di\u00e1logo entre a comunidade cient\u00edfica e pr\u00e1ticas de preserva\u00e7\u00e3o, apresentando contribui\u00e7\u00f5es significativas para a \u00e1rea. Os resumos oferecem insights valiosos, que v\u00e3o desde estudos de caso pr\u00e1ticos at\u00e9 propostas te\u00f3ricas, [&hellip;]<\/p>\n","protected":false},"author":1,"featured_media":0,"parent":0,"menu_order":0,"comment_status":"closed","ping_status":"closed","template":"","meta":{"footnotes":""},"class_list":["post-256","page","type-page","status-publish","hentry"],"jetpack_sharing_enabled":true,"_links":{"self":[{"href":"https:\/\/cecor.eba.ufmg.br\/hub-brasil-iic\/wp-json\/wp\/v2\/pages\/256","targetHints":{"allow":["GET"]}}],"collection":[{"href":"https:\/\/cecor.eba.ufmg.br\/hub-brasil-iic\/wp-json\/wp\/v2\/pages"}],"about":[{"href":"https:\/\/cecor.eba.ufmg.br\/hub-brasil-iic\/wp-json\/wp\/v2\/types\/page"}],"author":[{"embeddable":true,"href":"https:\/\/cecor.eba.ufmg.br\/hub-brasil-iic\/wp-json\/wp\/v2\/users\/1"}],"replies":[{"embeddable":true,"href":"https:\/\/cecor.eba.ufmg.br\/hub-brasil-iic\/wp-json\/wp\/v2\/comments?post=256"}],"version-history":[{"count":4,"href":"https:\/\/cecor.eba.ufmg.br\/hub-brasil-iic\/wp-json\/wp\/v2\/pages\/256\/revisions"}],"predecessor-version":[{"id":271,"href":"https:\/\/cecor.eba.ufmg.br\/hub-brasil-iic\/wp-json\/wp\/v2\/pages\/256\/revisions\/271"}],"wp:attachment":[{"href":"https:\/\/cecor.eba.ufmg.br\/hub-brasil-iic\/wp-json\/wp\/v2\/media?parent=256"}],"curies":[{"name":"wp","href":"https:\/\/api.w.org\/{rel}","templated":true}]}}