{"id":59,"date":"2024-06-26T10:27:50","date_gmt":"2024-06-26T13:27:50","guid":{"rendered":"https:\/\/cecor.eba.ufmg.br\/hub-brasil-iic\/?page_id=59"},"modified":"2024-06-26T10:32:36","modified_gmt":"2024-06-26T13:32:36","slug":"contatos","status":"publish","type":"page","link":"https:\/\/cecor.eba.ufmg.br\/hub-brasil-iic\/contatos\/","title":{"rendered":"Contatos"},"content":{"rendered":"\n<h3 class=\"wp-block-heading\"><\/h3>\n\n\n\n<p>Se voc\u00ea tiver alguma d\u00favida ou precisar de mais informa\u00e7\u00f5es sobre o Congresso IIC 2024, n\u00e3o hesite em nos contatar. Estamos \u00e0 disposi\u00e7\u00e3o para ajudar!<\/p>\n\n\n\n<p><strong>Informa\u00e7\u00f5es Gerais e Suporte ao Evento<\/strong><\/p>\n\n\n\n<ul class=\"wp-block-list\">\n<li>Email: <a>iic2024hubbrasil@gmail.com<\/a><\/li>\n\n\n\n<li>Email IIC: <a href=\"mailto:iic@iiconservation.org\" target=\"_blank\" rel=\"noreferrer noopener\"><strong>iic@iiconservation.org<\/strong><\/a><\/li>\n<\/ul>\n\n\n\n<p><strong>Redes Sociais<\/strong><\/p>\n\n\n\n<ul class=\"wp-block-list\">\n<li>Siga-nos nas redes sociais para atualiza\u00e7\u00f5es e not\u00edcias sobre o congresso:\n<ul class=\"wp-block-list\">\n<li>Instagam: <a href=\"https:\/\/www.instagram.com\/iichubbrasil\/\">@IIChubBrasil<\/a><\/li>\n<\/ul>\n<\/li>\n<\/ul>\n\n\n\n<p>Estamos ansiosos para receber sua mensagem e ajud\u00e1-lo com qualquer d\u00favida ou necessidade que voc\u00ea tenha relacionada ao Congresso IIC 2024.<\/p>\n","protected":false},"excerpt":{"rendered":"<p>Se voc\u00ea tiver alguma d\u00favida ou precisar de mais informa\u00e7\u00f5es sobre o Congresso IIC 2024, n\u00e3o hesite em nos contatar. Estamos \u00e0 disposi\u00e7\u00e3o para ajudar! Informa\u00e7\u00f5es Gerais e Suporte ao Evento Redes Sociais Estamos ansiosos para receber sua mensagem e ajud\u00e1-lo com qualquer d\u00favida ou necessidade que voc\u00ea tenha relacionada ao Congresso IIC 2024.<\/p>\n","protected":false},"author":1,"featured_media":0,"parent":0,"menu_order":0,"comment_status":"closed","ping_status":"closed","template":"","meta":{"footnotes":""},"class_list":["post-59","page","type-page","status-publish","hentry"],"jetpack_sharing_enabled":true,"_links":{"self":[{"href":"https:\/\/cecor.eba.ufmg.br\/hub-brasil-iic\/wp-json\/wp\/v2\/pages\/59","targetHints":{"allow":["GET"]}}],"collection":[{"href":"https:\/\/cecor.eba.ufmg.br\/hub-brasil-iic\/wp-json\/wp\/v2\/pages"}],"about":[{"href":"https:\/\/cecor.eba.ufmg.br\/hub-brasil-iic\/wp-json\/wp\/v2\/types\/page"}],"author":[{"embeddable":true,"href":"https:\/\/cecor.eba.ufmg.br\/hub-brasil-iic\/wp-json\/wp\/v2\/users\/1"}],"replies":[{"embeddable":true,"href":"https:\/\/cecor.eba.ufmg.br\/hub-brasil-iic\/wp-json\/wp\/v2\/comments?post=59"}],"version-history":[{"count":4,"href":"https:\/\/cecor.eba.ufmg.br\/hub-brasil-iic\/wp-json\/wp\/v2\/pages\/59\/revisions"}],"predecessor-version":[{"id":273,"href":"https:\/\/cecor.eba.ufmg.br\/hub-brasil-iic\/wp-json\/wp\/v2\/pages\/59\/revisions\/273"}],"wp:attachment":[{"href":"https:\/\/cecor.eba.ufmg.br\/hub-brasil-iic\/wp-json\/wp\/v2\/media?parent=59"}],"curies":[{"name":"wp","href":"https:\/\/api.w.org\/{rel}","templated":true}]}}