{"id":65,"date":"2024-06-26T11:11:04","date_gmt":"2024-06-26T14:11:04","guid":{"rendered":"https:\/\/cecor.eba.ufmg.br\/hub-brasil-iic\/?page_id=65"},"modified":"2024-08-12T12:13:38","modified_gmt":"2024-08-12T15:13:38","slug":"polos","status":"publish","type":"page","link":"https:\/\/cecor.eba.ufmg.br\/hub-brasil-iic\/polos\/","title":{"rendered":"Polos"},"content":{"rendered":"\n<div class=\"wp-block-group alignfull has-base-2-background-color has-background has-global-padding is-layout-constrained wp-container-core-group-is-layout-669513ed wp-block-group-is-layout-constrained\" style=\"margin-top:0;margin-bottom:0;padding-top:var(--wp--preset--spacing--50);padding-right:var(--wp--preset--spacing--50);padding-bottom:var(--wp--preset--spacing--50);padding-left:var(--wp--preset--spacing--50)\">\n<div class=\"wp-block-group is-vertical is-content-justification-center is-layout-flex wp-container-core-group-is-layout-52b864f0 wp-block-group-is-layout-flex\">\n<h2 class=\"wp-block-heading has-text-align-center is-style-asterisk\">Transmiss\u00f5es ao vivo no Brasil<\/h2>\n\n\n\n<div style=\"height:0px\" aria-hidden=\"true\" class=\"wp-block-spacer wp-container-content-4f2ccadb\"><\/div>\n\n\n\n<p class=\"has-text-align-center\">Para garantir que o Congresso IIC 2024 seja acess\u00edvel a todos os interessados na \u00e1rea de conserva\u00e7\u00e3o e restaura\u00e7\u00e3o, estabelecemos diversos polos de transmiss\u00e3o espalhados pelo Brasil. Esses polos s\u00e3o locais onde estudantes e profissionais podem se reunir para assistir \u00e0s sess\u00f5es do congresso, interagir e trocar experi\u00eancias.<\/p>\n<\/div>\n\n\n\n<div style=\"margin-top:0;margin-bottom:0;height:var(--wp--preset--spacing--40)\" aria-hidden=\"true\" class=\"wp-block-spacer\"><\/div>\n\n\n\n<div class=\"wp-block-columns alignwide is-layout-flex wp-container-core-columns-is-layout-d0bbbce0 wp-block-columns-is-layout-flex\">\n<div class=\"wp-block-column is-layout-flow wp-container-core-column-is-layout-e3d1c41b wp-block-column-is-layout-flow\">\n<h3 class=\"wp-block-heading has-text-align-left is-style-asterisk has-body-font-family has-medium-font-size\" style=\"font-style:normal;font-weight:600\"><a href=\"https:\/\/cecor.eba.ufmg.br\/hub-brasil-iic\/polo-universidade-federal-de-minas-gerais-ufmg\/\">Universidade Federal de Minas Gerais (UFMG)<\/a><\/h3>\n\n\n\n<p><strong>Endere\u00e7o<\/strong>: Belo Horizonte &#8211; MG<\/p>\n\n\n\n<p><strong>Descri\u00e7\u00e3o<\/strong>: O <a href=\"https:\/\/cecor.eba.ufmg.br\/hub-brasil-iic\/polo-universidade-federal-de-minas-gerais-ufmg\/\">Centro de Conserva\u00e7\u00e3o e Restaura\u00e7\u00e3o de Bens Culturais (CECOR) da Escola de Belas Artes da UFMG <\/a>\u00e9 refer\u00eancia no estudo da conserva\u00e7\u00e3o e restaura\u00e7\u00e3o de obras de arte, oferecendo cursos especializados e projetos de pesquisa avan\u00e7ados.<\/p>\n\n\n\n<p><strong>N\u00famero total de vagas:<\/strong> 70<\/p>\n\n\n\n<p><a href=\"https:\/\/cecor.eba.ufmg.br\/hub-brasil-iic\/polo-universidade-federal-de-minas-gerais-ufmg\/\" data-type=\"page\" data-id=\"146\">saiba mais<\/a><\/p>\n<\/div>\n\n\n\n<div class=\"wp-block-column is-layout-flow wp-container-core-column-is-layout-e3d1c41b wp-block-column-is-layout-flow\">\n<h3 class=\"wp-block-heading has-text-align-left is-style-asterisk has-body-font-family has-medium-font-size\" style=\"font-style:normal;font-weight:600\"><a href=\"https:\/\/cecor.eba.ufmg.br\/hub-brasil-iic\/polo-universidade-federal-do-rio-de-janeiro-ufrj\/\">Universidade Federal do Rio de Janeiro (UFRJ)<\/a><\/h3>\n\n\n\n<p><a href=\"https:\/\/cecor.eba.ufmg.br\/hub-brasil-iic\/polo-universidade-federal-do-rio-de-janeiro-ufrj\/\"><strong>Endere\u00e7o<\/strong>: Rio de Janeiro &#8211; RJ<\/a><\/p>\n\n\n\n<p><strong>Descri\u00e7\u00e3o<\/strong>: A <a href=\"https:\/\/cecor.eba.ufmg.br\/hub-brasil-iic\/polo-universidade-federal-do-rio-de-janeiro-ufrj\/\" data-type=\"page\" data-id=\"138\">UFRJ<\/a> \u00e9 reconhecida por seus programas de conserva\u00e7\u00e3o e restaura\u00e7\u00e3o, oferecendo cursos de gradua\u00e7\u00e3o e p\u00f3s-gradua\u00e7\u00e3o que abordam t\u00e9cnicas avan\u00e7adas e pesquisas na \u00e1rea.<\/p>\n\n\n\n<p><strong>N\u00famero total de vagas:<\/strong> 70<\/p>\n\n\n\n<p><a href=\"https:\/\/cecor.eba.ufmg.br\/hub-brasil-iic\/polo-universidade-federal-do-rio-de-janeiro-ufrj\/\" data-type=\"page\" data-id=\"142\">saiba mais<\/a><br><\/p>\n<\/div>\n\n\n\n<div class=\"wp-block-column is-layout-flow wp-container-core-column-is-layout-e3d1c41b wp-block-column-is-layout-flow\">\n<h3 class=\"wp-block-heading has-text-align-left is-style-asterisk has-body-font-family has-medium-font-size\" style=\"font-style:normal;font-weight:600\"><a href=\"https:\/\/cecor.eba.ufmg.br\/hub-brasil-iic\/polo-universidade-federal-de-pelotas-ufpel\/\" data-type=\"page\" data-id=\"151\">Universidade Federal de Pelotas (UFPel)<\/a><\/h3>\n\n\n\n<p><strong>Endere\u00e7o<\/strong>: Pelotas &#8211; RS<\/p>\n\n\n\n<p><strong>Descri\u00e7\u00e3o<\/strong>: A <a href=\"https:\/\/cecor.eba.ufmg.br\/hub-brasil-iic\/polo-universidade-federal-de-pelotas-ufpel\/\" data-type=\"page\" data-id=\"151\">UFPEL<\/a> possui um departamento dedicado \u00e0 conserva\u00e7\u00e3o e restaura\u00e7\u00e3o, com programas de gradua\u00e7\u00e3o e p\u00f3s-gradua\u00e7\u00e3o que formam profissionais qualificados na \u00e1rea.<\/p>\n\n\n\n<p><strong>N\u00famero total de vagas:<\/strong> 40<\/p>\n\n\n\n<p><a href=\"https:\/\/cecor.eba.ufmg.br\/hub-brasil-iic\/polo-universidade-federal-de-pelotas-ufpel\/\" data-type=\"page\" data-id=\"151\">saiba mais<\/a><\/p>\n<\/div>\n<\/div>\n\n\n\n<div class=\"wp-block-columns alignwide is-layout-flex wp-container-core-columns-is-layout-d0bbbce0 wp-block-columns-is-layout-flex\">\n<div class=\"wp-block-column is-layout-flow wp-container-core-column-is-layout-e3d1c41b wp-block-column-is-layout-flow\">\n<h3 class=\"wp-block-heading has-text-align-left is-style-asterisk has-body-font-family has-medium-font-size\" style=\"font-style:normal;font-weight:600\"><a href=\"https:\/\/cecor.eba.ufmg.br\/hub-brasil-iic\/polo-universidade-federal-do-para-ufpa\/\">Universidade Federal do Par\u00e1 (UFPA)<\/a><\/h3>\n\n\n\n<p><strong>Endere\u00e7o<\/strong>: Bel\u00e9m &#8211; PA<\/p>\n\n\n\n<p><strong>Descri\u00e7\u00e3o<\/strong>: Institui\u00e7\u00e3o de ensino superior com destaque em pesquisas e programas de conserva\u00e7\u00e3o do patrim\u00f4nio cultural na regi\u00e3o amaz\u00f4nica.<\/p>\n\n\n\n<p><strong>N\u00famero total de vagas:<\/strong> 70<\/p>\n\n\n\n<p><a href=\"https:\/\/cecor.eba.ufmg.br\/hub-brasil-iic\/polo-universidade-federal-do-para-ufpa\/\" data-type=\"page\" data-id=\"161\">saiba mais<\/a><\/p>\n<\/div>\n\n\n\n<div class=\"wp-block-column is-layout-flow wp-container-core-column-is-layout-e3d1c41b wp-block-column-is-layout-flow\">\n<h3 class=\"wp-block-heading has-text-align-left is-style-asterisk has-body-font-family has-medium-font-size\" style=\"font-style:normal;font-weight:600\"><a href=\"https:\/\/cecor.eba.ufmg.br\/hub-brasil-iic\/polo-instituto-federal-de-minas-gerais-campus-ouro-preto-ifmg\/\">Instituto Federal de Minas Gerais &#8211; Campus Ouro Preto (IFMG<\/a>)<\/h3>\n\n\n\n<p><strong>Endere\u00e7o<\/strong>: Ouro Preto &#8211; MG<\/p>\n\n\n\n<p><strong>Descri\u00e7\u00e3o<\/strong>: O <a href=\"https:\/\/cecor.eba.ufmg.br\/hub-brasil-iic\/polo-instituto-federal-de-minas-gerais-campus-ouro-preto-ifmg\/\" data-type=\"page\" data-id=\"157\">IFMG Ouro Preto<\/a> oferece cursos t\u00e9cnicos e superiores em conserva\u00e7\u00e3o e restaura\u00e7\u00e3o de bens culturais im\u00f3veis, com \u00eanfase em pr\u00e1ticas de preserva\u00e7\u00e3o do patrim\u00f4nio hist\u00f3rico da regi\u00e3o.<\/p>\n\n\n\n<p>Nesse polo tamb\u00e9m est\u00e3o integrados os professores e estudantes do curso t\u00e9cnico da FAOP.<\/p>\n\n\n\n<p><strong>N\u00famero total de vagas:<\/strong> 60<\/p>\n\n\n\n<p><a href=\"https:\/\/cecor.eba.ufmg.br\/hub-brasil-iic\/polo-instituto-federal-de-minas-gerais-campus-ouro-preto-ifmg\/\" data-type=\"page\" data-id=\"157\">saiba mais<\/a><\/p>\n<\/div>\n\n\n\n<div class=\"wp-block-column is-layout-flow wp-container-core-column-is-layout-e3d1c41b wp-block-column-is-layout-flow\">\n<h3 class=\"wp-block-heading has-text-align-left is-style-asterisk has-body-font-family has-medium-font-size\" style=\"font-style:normal;font-weight:600\"><a href=\"https:\/\/cecor.eba.ufmg.br\/hub-brasil-iic\/polo-instituto-moreira-salles-sao-paulo-ims-paulista\/\">Instituto Moreira Salles &#8211; S\u00e3o Paulo (IMS Paulista)<\/a><\/h3>\n\n\n\n<p><strong>Endere\u00e7o<\/strong>: S\u00e3o Paulo &#8211; SP<\/p>\n\n\n\n<p><strong>Descri\u00e7\u00e3o<\/strong>: Espa\u00e7o cultural com programa\u00e7\u00e3o diversificada e exposi\u00e7\u00f5es voltadas para a preserva\u00e7\u00e3o do patrim\u00f4nio cultural. A organiza\u00e7\u00e3o do evento no polo <a href=\"https:\/\/cecor.eba.ufmg.br\/hub-brasil-iic\/polo-instituto-moreira-salles-sao-paulo-ims-paulista\/\" data-type=\"page\" data-id=\"159\">IMS Paulista<\/a> conta com a imprescind\u00edvel participa\u00e7\u00e3o da equipe do IMS Rio.<\/p>\n\n\n\n<p><strong>N\u00famero total de vagas:<\/strong> 30<\/p>\n\n\n\n<p><a href=\"https:\/\/cecor.eba.ufmg.br\/hub-brasil-iic\/polo-instituto-moreira-salles-sao-paulo-ims-paulista\/\" data-type=\"page\" data-id=\"159\">saiba mais<\/a><\/p>\n<\/div>\n<\/div>\n\n\n\n<div class=\"wp-block-columns alignwide is-layout-flex wp-container-core-columns-is-layout-d0bbbce0 wp-block-columns-is-layout-flex\">\n<div class=\"wp-block-column is-layout-flow wp-container-core-column-is-layout-e3d1c41b wp-block-column-is-layout-flow\">\n<h3 class=\"wp-block-heading has-text-align-left is-style-asterisk has-body-font-family has-medium-font-size\" style=\"font-style:normal;font-weight:600\"><a href=\"https:\/\/cecor.eba.ufmg.br\/hub-brasil-iic\/polo-camara-dos-deputados-brasilia\/\" data-type=\"link\" data-id=\"https:\/\/cecor.eba.ufmg.br\/hub-brasil-iic\/polo-camara-dos-deputados-brasilia\/\">C\u00e2mara dos Deputados<\/a> &#8211; Laborat\u00f3rio de Conserva\u00e7\u00e3o <\/h3>\n\n\n\n<p><strong>Endere\u00e7o<\/strong>: Bras\u00edlia &#8211; DF<\/p>\n\n\n\n<p><strong>Descri\u00e7\u00e3o<\/strong>: Localizada em Bras\u00edlia, a C\u00e2mara dos Deputados \u00e9 respons\u00e1vel pela elabora\u00e7\u00e3o e aprova\u00e7\u00e3o de leis federais. A C\u00e2mara fica no Pal\u00e1cio do Congresso Nacional, um dos edif\u00edcios ic\u00f4nicos da capital brasileira.<\/p>\n\n\n\n<p><strong>N\u00famero total de vagas:<\/strong> 50<\/p>\n\n\n\n<p><a href=\"https:\/\/cecor.eba.ufmg.br\/hub-brasil-iic\/polo-camara-dos-deputados-brasilia\/\" data-type=\"page\" data-id=\"164\">saiba mais<\/a><br><\/p>\n<\/div>\n\n\n\n<div class=\"wp-block-column is-layout-flow wp-container-core-column-is-layout-e3d1c41b wp-block-column-is-layout-flow\">\n<h3 class=\"wp-block-heading has-text-align-left is-style-asterisk has-body-font-family has-medium-font-size\" style=\"font-style:normal;font-weight:600\"><\/h3>\n\n\n\n<p><\/p>\n<\/div>\n<\/div>\n\n\n\n<div style=\"height:var(--wp--preset--spacing--20)\" aria-hidden=\"true\" class=\"wp-block-spacer\"><\/div>\n<\/div>\n\n\n\n<p><strong>Comit\u00ea cient\u00edfico de an\u00e1lise dos resumos submetidos<\/strong><\/p>\n\n\n\n<p>Professores e profissionais, dos diversos polos, que contribu\u00edram com a avalia\u00e7\u00e3o e classifica\u00e7\u00e3o dos resumos submetidos ao IIC &#8211; Hub Brasil.<\/p>\n\n\n\n<p><\/p>\n\n\n\n<p><strong>UFMG<\/strong><br>Profa. Amanda Cristina Alves Cordeiro<br>Profa. Jussara Vit\u00f3ria de Freitas do Esp\u00edrito Santo<\/p>\n\n\n\n<p><strong>UFRJ<\/strong><br>Profa. Ana Paula Correa de Carvalho<br>Profa. M\u00e1rcia de Mathias Rizzo<br>Profa. Marilene Correa Maia<br>Prof. Rafael Btshe<br>Profa. Neuv\u00e2nia Curty Ghetti<br>Prof. Mauro Fainguelernt<\/p>\n\n\n\n<p><strong>UFPel<\/strong><br>Profa. Silvana de F\u00e1tima Bojanoski<br>Profa. Mirella Moraes de Borba<br>Prof. Bruno da Silveira Noremberg<\/p>\n\n\n\n<p><strong>UFPA<\/strong><br>Profa. Alexandre M\u00e1ximo Silva Loureiro<br>Profa. Amanda Monteiro Corr\u00eaa Pinto Loureiro<br>Profa. Roseane da Concei\u00e7\u00e3o Costa Norat<br>Mayra Martins Silva<\/p>\n\n\n\n<p><strong>IFMG<\/strong><br>B\u00e1rbara Helena Almeida Carmo<\/p>\n\n\n\n<p><strong>FAOP<\/strong><br>Cybele Nascimento Silva<\/p>\n\n\n\n<p><strong>C\u00e2mara dos Deputados<\/strong> <strong>&#8211; Laborat\u00f3rio de conserva\u00e7\u00e3o<\/strong> <br>Hanna Fedra Carvalho de Andrade<\/p>\n\n\n\n<p><\/p>\n","protected":false},"excerpt":{"rendered":"<p>Transmiss\u00f5es ao vivo no Brasil Para garantir que o Congresso IIC 2024 seja acess\u00edvel a todos os interessados na \u00e1rea de conserva\u00e7\u00e3o e restaura\u00e7\u00e3o, estabelecemos diversos polos de transmiss\u00e3o espalhados pelo Brasil. Esses polos s\u00e3o locais onde estudantes e profissionais podem se reunir para assistir \u00e0s sess\u00f5es do congresso, interagir e trocar experi\u00eancias. Universidade Federal [&hellip;]<\/p>\n","protected":false},"author":1,"featured_media":0,"parent":0,"menu_order":0,"comment_status":"closed","ping_status":"closed","template":"","meta":{"footnotes":""},"class_list":["post-65","page","type-page","status-publish","hentry"],"jetpack_sharing_enabled":true,"_links":{"self":[{"href":"https:\/\/cecor.eba.ufmg.br\/hub-brasil-iic\/wp-json\/wp\/v2\/pages\/65","targetHints":{"allow":["GET"]}}],"collection":[{"href":"https:\/\/cecor.eba.ufmg.br\/hub-brasil-iic\/wp-json\/wp\/v2\/pages"}],"about":[{"href":"https:\/\/cecor.eba.ufmg.br\/hub-brasil-iic\/wp-json\/wp\/v2\/types\/page"}],"author":[{"embeddable":true,"href":"https:\/\/cecor.eba.ufmg.br\/hub-brasil-iic\/wp-json\/wp\/v2\/users\/1"}],"replies":[{"embeddable":true,"href":"https:\/\/cecor.eba.ufmg.br\/hub-brasil-iic\/wp-json\/wp\/v2\/comments?post=65"}],"version-history":[{"count":13,"href":"https:\/\/cecor.eba.ufmg.br\/hub-brasil-iic\/wp-json\/wp\/v2\/pages\/65\/revisions"}],"predecessor-version":[{"id":189,"href":"https:\/\/cecor.eba.ufmg.br\/hub-brasil-iic\/wp-json\/wp\/v2\/pages\/65\/revisions\/189"}],"wp:attachment":[{"href":"https:\/\/cecor.eba.ufmg.br\/hub-brasil-iic\/wp-json\/wp\/v2\/media?parent=65"}],"curies":[{"name":"wp","href":"https:\/\/api.w.org\/{rel}","templated":true}]}}