{"id":78,"date":"2024-06-26T11:51:03","date_gmt":"2024-06-26T14:51:03","guid":{"rendered":"https:\/\/cecor.eba.ufmg.br\/hub-brasil-iic\/?page_id=78"},"modified":"2024-07-22T21:51:15","modified_gmt":"2024-07-23T00:51:15","slug":"submissoes-de-trabalhos","status":"publish","type":"page","link":"https:\/\/cecor.eba.ufmg.br\/hub-brasil-iic\/submissoes-de-trabalhos\/","title":{"rendered":"Submiss\u00f5es de Trabalhos"},"content":{"rendered":"\n<p>O Instituto Internacional para a Conserva\u00e7\u00e3o de Obras Hist\u00f3ricas e Art\u00edsticas (IIC) e o Centro de Pesquisa para a Conserva\u00e7\u00e3o do Patrim\u00f4nio da Universidad de Ingenier\u00eda y Tecnolog\u00eda (UTEC) em Lima realizar\u00e3o o 30\u00ba Congresso bienal do IIC em 2024, de forma presencial e online em Lima, Peru. O tema do Congresso \u00e9 &#8220;Solu\u00e7\u00f5es sustent\u00e1veis para a conserva\u00e7\u00e3o: novas estrat\u00e9gias para novos tempos&#8221;.<\/p>\n\n\n\n<p>O Congresso de 2024 adotar\u00e1 um formato h\u00edbrido, visando proporcionar maior acessibilidade e inclus\u00e3o global atrav\u00e9s de &#8220;Virtual Live Hubs&#8221; online e &#8220;Local Live Hubs&#8221; presenciais na Argentina, no Brasil, na Col\u00f4mbia, no Uruguai e no Chile. Os Hubs Regionais fomentar\u00e3o oportunidades de di\u00e1logo, networking e experi\u00eancias culturais e patrimoniais \u00fanicas.<\/p>\n\n\n\n<p>As transmiss\u00f5es a partir de Lima ser\u00e3o realizadas em ingl\u00eas e contaremos com legendas simult\u00e2neas, com tradu\u00e7\u00e3o para portugu\u00eas. O idioma oficial das atividades exclusivas do Hub Brasil \u00e9 o portugu\u00eas.<\/p>\n\n\n\n<p>A organiza\u00e7\u00e3o do Hub Brasil \u00e9 conduzida por diferentes institui\u00e7\u00f5es distribu\u00eddas pelo pa\u00eds e ocorrer\u00e1, simultaneamente, em diferentes cidades:&nbsp;<\/p>\n\n\n\n<ul class=\"wp-block-list\">\n<li>Belo Horizonte\/MG (polo central UFMG),&nbsp;<\/li>\n\n\n\n<li>Pelotas\/RS (polo UFPel),<\/li>\n\n\n\n<li>Rio de Janeiro\/RJ (polo UFRJ),&nbsp;<\/li>\n\n\n\n<li>Bel\u00e9m\/PA (polo UFPA),&nbsp;<\/li>\n\n\n\n<li>Ouro Preto\/MG (polo IFMG),<\/li>\n\n\n\n<li>S\u00e3o Paulo\/SP (polo IMS).<\/li>\n<\/ul>\n\n\n\n<p>Sess\u00f5es de apresenta\u00e7\u00f5es orais breves, presenciais e transmitidas para todo o Hub Brasil a partir de cada um dos polos locais, dar\u00e3o destaque a projetos desenvolvidos pela comunidade de estudantes e profissionais da Conserva\u00e7\u00e3o do Patrim\u00f4nio Cultural. Todos os temas s\u00e3o bem-vindos.&nbsp;&nbsp;<\/p>\n\n\n\n<p><strong>ATEN\u00c7\u00c3O! Siga as orienta\u00e7\u00f5es abaixo para submeter seu resumo.<\/strong><\/p>\n\n\n\n<p>Estamos entusiasmados em receber suas contribui\u00e7\u00f5es para o Congresso IIC 2024!&nbsp;<\/p>\n\n\n\n<p><strong>Data de submiss\u00e3o:<\/strong>\u00a001 a 22 de julho de 2024 (PRORROGADO AT\u00c9 25\/07)<\/p>\n\n\n\n<p><strong>Envio de Resumos<\/strong><\/p>\n\n\n\n<ul class=\"wp-block-list\">\n<li><strong>Resumo<\/strong>: Submeta um resumo original de at\u00e9 1500 caracteres (cerca de 300 palavras). Este deve conter uma vis\u00e3o geral clara do seu trabalho, incluindo objetivos, metodologia, resultados e conclus\u00f5es.<\/li>\n\n\n\n<li><strong>Idioma<\/strong>: Os resumos podem ser submetidos em portugu\u00eas.<\/li>\n\n\n\n<li><strong>Envio<\/strong>: Utilize o formul\u00e1rio&nbsp;para enviar seu resumo: <a href=\"https:\/\/docs.google.com\/forms\/d\/e\/1FAIpQLScWx71Tl2kQR5puL7GC22ENENZ6UeMQJ8TN5x9lQbNdjwuVKg\/closedform\">clique aqui<\/a>.<\/li>\n<\/ul>\n\n\n\n<p><strong>Processo de Sele\u00e7\u00e3o<\/strong><\/p>\n\n\n\n<ul class=\"wp-block-list\">\n<li><strong>Avalia\u00e7\u00e3o<\/strong>: Todos os resumos ser\u00e3o avaliados por um comit\u00ea cient\u00edfico especializado.<\/li>\n\n\n\n<li><strong>Crit\u00e9rios de Avalia\u00e7\u00e3o<\/strong>: Originalidade, relev\u00e2ncia, clareza, metodologia e contribui\u00e7\u00e3o para o campo da Conserva\u00e7\u00e3o e Restaura\u00e7\u00e3o.<\/li>\n\n\n\n<li><strong>Notifica\u00e7\u00e3o<\/strong>: Os autores dos trabalhos selecionados ser\u00e3o notificados por e-mail a partir de 08 de agosto de 2024 e receber\u00e3o instru\u00e7\u00f5es detalhadas sobre a prepara\u00e7\u00e3o e envio da apresenta\u00e7\u00e3o.<\/li>\n<\/ul>\n\n\n\n<p><strong>Contato para D\u00favidas<\/strong><\/p>\n\n\n\n<p>Se voc\u00ea tiver qualquer d\u00favida ou precisar de assist\u00eancia durante o processo de submiss\u00e3o, entre em contato atrav\u00e9s do seguinte endere\u00e7o eletr\u00f4nico:<\/p>\n\n\n\n<ul class=\"wp-block-list\">\n<li><strong>E-mail<\/strong>: iic2024hubbrasil@gmail.com<\/li>\n<\/ul>\n\n\n\n<p>Estamos ansiosos para receber suas propostas e compartilhar suas valiosas pesquisas no Hub Brasil -Congresso IIC 2024!<\/p>\n","protected":false},"excerpt":{"rendered":"<p>O Instituto Internacional para a Conserva\u00e7\u00e3o de Obras Hist\u00f3ricas e Art\u00edsticas (IIC) e o Centro de Pesquisa para a Conserva\u00e7\u00e3o do Patrim\u00f4nio da Universidad de Ingenier\u00eda y Tecnolog\u00eda (UTEC) em Lima realizar\u00e3o o 30\u00ba Congresso bienal do IIC em 2024, de forma presencial e online em Lima, Peru. O tema do Congresso \u00e9 &#8220;Solu\u00e7\u00f5es sustent\u00e1veis [&hellip;]<\/p>\n","protected":false},"author":1,"featured_media":0,"parent":0,"menu_order":0,"comment_status":"closed","ping_status":"closed","template":"","meta":{"footnotes":""},"class_list":["post-78","page","type-page","status-publish","hentry"],"jetpack_sharing_enabled":true,"_links":{"self":[{"href":"https:\/\/cecor.eba.ufmg.br\/hub-brasil-iic\/wp-json\/wp\/v2\/pages\/78","targetHints":{"allow":["GET"]}}],"collection":[{"href":"https:\/\/cecor.eba.ufmg.br\/hub-brasil-iic\/wp-json\/wp\/v2\/pages"}],"about":[{"href":"https:\/\/cecor.eba.ufmg.br\/hub-brasil-iic\/wp-json\/wp\/v2\/types\/page"}],"author":[{"embeddable":true,"href":"https:\/\/cecor.eba.ufmg.br\/hub-brasil-iic\/wp-json\/wp\/v2\/users\/1"}],"replies":[{"embeddable":true,"href":"https:\/\/cecor.eba.ufmg.br\/hub-brasil-iic\/wp-json\/wp\/v2\/comments?post=78"}],"version-history":[{"count":7,"href":"https:\/\/cecor.eba.ufmg.br\/hub-brasil-iic\/wp-json\/wp\/v2\/pages\/78\/revisions"}],"predecessor-version":[{"id":132,"href":"https:\/\/cecor.eba.ufmg.br\/hub-brasil-iic\/wp-json\/wp\/v2\/pages\/78\/revisions\/132"}],"wp:attachment":[{"href":"https:\/\/cecor.eba.ufmg.br\/hub-brasil-iic\/wp-json\/wp\/v2\/media?parent=78"}],"curies":[{"name":"wp","href":"https:\/\/api.w.org\/{rel}","templated":true}]}}